{"id":17382,"date":"2022-09-27T18:02:15","date_gmt":"2022-09-27T18:02:15","guid":{"rendered":"https:\/\/bioaromas.com\/?page_id=17382"},"modified":"2024-03-21T17:40:03","modified_gmt":"2024-03-21T17:40:03","slug":"lq-3en1","status":"publish","type":"page","link":"https:\/\/bioaromas.com\/english\/lq-3en1\/","title":{"rendered":"Palatabilizante LQ 3 en 1"},"content":{"rendered":"<p>[vc_row css_animation=&#8221;&#8221; row_type=&#8221;row&#8221; use_row_as_full_screen_section=&#8221;no&#8221; type=&#8221;full_width&#8221; in_content_menu=&#8221;in_content_menu&#8221; content_menu_title=&#8221;VAINILLA&#8221; content_menu_icon=&#8221;&#8221; angled_section=&#8221;no&#8221; text_align=&#8221;center&#8221; background_image=&#8221;17403&#8243; background_image_as_pattern=&#8221;without_pattern&#8221;][vc_column][vc_row_inner row_type=&#8221;row&#8221; type=&#8221;grid&#8221; text_align=&#8221;center&#8221; padding_top=&#8221;120&#8243; padding_bottom=&#8221;120&#8243; css_animation=&#8221;&#8221; el_class=&#8221;vertically-middle&#8221;][vc_column_inner][vc_column_text][\/vc_column_text][\/vc_column_inner][\/vc_row_inner][\/vc_column][\/vc_row][vc_row css_animation=&#8221;&#8221; row_type=&#8221;row&#8221; use_row_as_full_screen_section=&#8221;no&#8221; type=&#8221;full_width&#8221; angled_section=&#8221;no&#8221; text_align=&#8221;left&#8221; background_image_as_pattern=&#8221;without_pattern&#8221;][vc_column][vc_separator type=&#8221;transparent&#8221; up=&#8221;15&#8243; down=&#8221;15&#8243;][vc_separator type=&#8221;transparent&#8221; up=&#8221;15&#8243; down=&#8221;15&#8243;][\/vc_column][\/vc_row][vc_row css_animation=&#8221;&#8221; row_type=&#8221;row&#8221; use_row_as_full_screen_section=&#8221;no&#8221; type=&#8221;grid&#8221; angled_section=&#8221;no&#8221; text_align=&#8221;center&#8221; background_image_as_pattern=&#8221;without_pattern&#8221;][vc_column width=&#8221;1\/4&#8243;][vc_separator type=&#8221;transparent&#8221; up=&#8221;10&#8243; down=&#8221;10&#8243;][vc_single_image image=&#8221;16671&#8243; img_size=&#8221;240&#215;240&#8243; alignment=&#8221;center&#8221; style=&#8221;vc_box_border_circle_2&#8243; qode_css_animation=&#8221;&#8221;][vc_empty_space height=&#8221;15px&#8221;][vc_column_text]<\/p>\n<h6 style=\"text-align: center;\">Pre Inicial, Inicial<\/h6>\n<p>[\/vc_column_text][vc_separator type=&#8221;transparent&#8221; up=&#8221;15&#8243;][\/vc_column][vc_column width=&#8221;1\/4&#8243;][vc_separator type=&#8221;transparent&#8221; up=&#8221;10&#8243;][vc_single_image image=&#8221;16936&#8243; img_size=&#8221;240&#215;240&#8243; alignment=&#8221;center&#8221; style=&#8221;vc_box_border_circle_2&#8243; qode_css_animation=&#8221;&#8221;][vc_empty_space height=&#8221;15px&#8221;][vc_column_text]<\/p>\n<h6 style=\"text-align: center;\">Madre en lactancia<\/h6>\n<p>[\/vc_column_text][vc_separator type=&#8221;transparent&#8221; up=&#8221;15&#8243;][\/vc_column][vc_column width=&#8221;1\/4&#8243;][vc_separator type=&#8221;transparent&#8221; up=&#8221;10&#8243; down=&#8221;10&#8243;][vc_single_image image=&#8221;16670&#8243; img_size=&#8221;240&#215;240&#8243; alignment=&#8221;center&#8221; style=&#8221;vc_box_border_circle_2&#8243; qode_css_animation=&#8221;&#8221;][vc_empty_space height=&#8221;15px&#8221;][vc_column_text]<\/p>\n<h6 style=\"text-align: center;\">Suplementaci\u00f3n y Antiparasit. Orales<\/h6>\n<p>[\/vc_column_text][vc_separator type=&#8221;transparent&#8221; up=&#8221;15&#8243;][\/vc_column][vc_column width=&#8221;1\/4&#8243;][vc_separator type=&#8221;transparent&#8221; up=&#8221;10&#8243; down=&#8221;10&#8243;][vc_single_image image=&#8221;16718&#8243; img_size=&#8221;240&#215;240&#8243; alignment=&#8221;center&#8221; style=&#8221;vc_box_border_circle_2&#8243; qode_css_animation=&#8221;&#8221;][vc_empty_space height=&#8221;15px&#8221;][vc_column_text]<\/p>\n<h6 style=\"text-align: center;\">Sales Minerales, Suplementaci\u00f3n<\/h6>\n<p>[\/vc_column_text][vc_separator type=&#8221;transparent&#8221; up=&#8221;15&#8243;][\/vc_column][\/vc_row][vc_row css_animation=&#8221;&#8221; row_type=&#8221;row&#8221; use_row_as_full_screen_section=&#8221;no&#8221; type=&#8221;full_width&#8221; angled_section=&#8221;no&#8221; text_align=&#8221;left&#8221; background_image_as_pattern=&#8221;without_pattern&#8221;][vc_column][vc_separator type=&#8221;transparent&#8221; up=&#8221;15&#8243; down=&#8221;15&#8243;][vc_separator type=&#8221;transparent&#8221; up=&#8221;15&#8243; down=&#8221;15&#8243;][\/vc_column][\/vc_row][vc_row css_animation=&#8221;&#8221; row_type=&#8221;row&#8221; use_row_as_full_screen_section=&#8221;no&#8221; type=&#8221;grid&#8221; angled_section=&#8221;no&#8221; text_align=&#8221;left&#8221; background_image_as_pattern=&#8221;without_pattern&#8221;][vc_column width=&#8221;1\/6&#8243;][vc_separator type=&#8221;transparent&#8221; up=&#8221;15&#8243;][\/vc_column][vc_column width=&#8221;2\/3&#8243;][vc_separator type=&#8221;transparent&#8221; up=&#8221;15&#8243;][vc_column_text]<strong><span lang=\"ES-AR\">Nos diferenciamos de nuestros competidores con aditivos sensoriales l\u00edquidos aplicados post pelletizado.<\/span><\/strong><\/p>\n<p><strong><span lang=\"ES-AR\">Este sistema se denomina BIOAROMAS LQ 3 en 1 (Aroma + Sabor + Dulzor). Un solo producto y una \u00fanica aplicaci\u00f3n.<\/span><\/strong><\/p>\n<p><span lang=\"ES-AR\">Con la intenci\u00f3n de acompa\u00f1ar las tendencias del mercado, continuamos desarrollando e investigando nuevas alternativas. Pensamos en nuestros clientes y buscamos un bajo costo de inclusi\u00f3n, un sistema de f\u00e1cil aplicaci\u00f3n y sobre todo mejorar la calidad de los alimentos balanceados.<\/span>[\/vc_column_text][vc_separator type=&#8221;transparent&#8221; up=&#8221;15&#8243;][vc_video link=&#8221;https:\/\/youtu.be\/gzdu4W3PZBo&#8221;][\/vc_column][vc_column width=&#8221;1\/6&#8243;][\/vc_column][\/vc_row][vc_row css_animation=&#8221;&#8221; row_type=&#8221;row&#8221; use_row_as_full_screen_section=&#8221;no&#8221; type=&#8221;full_width&#8221; angled_section=&#8221;no&#8221; text_align=&#8221;left&#8221; background_image_as_pattern=&#8221;without_pattern&#8221;][vc_column][vc_separator type=&#8221;transparent&#8221; up=&#8221;15&#8243; down=&#8221;15&#8243;][vc_separator type=&#8221;transparent&#8221; up=&#8221;20&#8243; down=&#8221;20&#8243;][vc_separator type=&#8221;transparent&#8221; up=&#8221;15&#8243; down=&#8221;15&#8243;][\/vc_column][\/vc_row][vc_row css_animation=&#8221;&#8221; row_type=&#8221;row&#8221; use_row_as_full_screen_section=&#8221;no&#8221; type=&#8221;grid&#8221; angled_section=&#8221;no&#8221; text_align=&#8221;left&#8221; background_image_as_pattern=&#8221;without_pattern&#8221; css=&#8221;.vc_custom_1705336803593{background-color: #efefef !important;}&#8221;][vc_column width=&#8221;1\/6&#8243;][\/vc_column][vc_column width=&#8221;1\/6&#8243;][vc_separator type=&#8221;transparent&#8221; up=&#8221;15&#8243;][vc_single_image image=&#8221;17329&#8243; alignment=&#8221;center&#8221; qode_css_animation=&#8221;&#8221;][\/vc_column][vc_column width=&#8221;1\/6&#8243;][vc_separator type=&#8221;transparent&#8221; up=&#8221;15&#8243;][vc_column_text]<\/p>\n<h4><strong>Vencimiento<\/strong>:<\/h4>\n<p>12 meses a partir de su fecha de elaboraci\u00f3n<\/p>\n<h4><\/h4>\n<h4><strong>Presentaci\u00f3n:<\/strong><\/h4>\n<p>Bid\u00f3n de 5 kg. y 25 kg.<\/p>\n<h4><strong>Almacenamiento<\/strong>:<\/h4>\n<p>Lugar fresco y seco, al abrigo de la luz solar directa.<\/p>\n<p>[\/vc_column_text][vc_separator type=&#8221;transparent&#8221; up=&#8221;15&#8243;][\/vc_column][vc_column width=&#8221;1\/6&#8243;][vc_separator type=&#8221;transparent&#8221; up=&#8221;15&#8243;][vc_column_text]<\/p>\n<h4><strong>Packaging:<\/strong><\/h4>\n<p>[\/vc_column_text][vc_separator type=&#8221;transparent&#8221; up=&#8221;15&#8243;]<div class=\"q_icon_list\"><i class=\"qode_icon_font_awesome fa fa-check qode-ili-icon-holder circle\" style=\"background-color: #1aaf76;\" ><\/i><p style=\"\">Pr\u00e1ctico<\/p><\/div><div class=\"q_icon_list\"><i class=\"qode_icon_font_awesome fa fa-check qode-ili-icon-holder circle\" style=\"background-color: #1aaf76;\" ><\/i><p style=\"\">Seguro<\/p><\/div><div class=\"q_icon_list\"><i class=\"qode_icon_font_awesome fa fa-check qode-ili-icon-holder circle\" style=\"background-color: #1aaf76;\" ><\/i><p style=\"\">Reciclable<\/p><\/div>[\/vc_column][vc_column width=&#8221;1\/6&#8243;][vc_separator type=&#8221;transparent&#8221; up=&#8221;15&#8243;][vc_column_text]<\/p>\n<h4><strong>Aplicaci\u00f3n:<\/strong><\/h4>\n<p>Polvo. Aplicable en Acondicionador, Mezcladora o Post-Pellet<\/p>\n<p>&nbsp;<\/p>\n<h4><strong>Aroma y Sabor:<\/strong><\/h4>\n<p>Mix de Frutas C\u00edtricas[\/vc_column_text][\/vc_column][vc_column width=&#8221;1\/6&#8243;][\/vc_column][\/vc_row][vc_row css_animation=&#8221;&#8221; row_type=&#8221;row&#8221; use_row_as_full_screen_section=&#8221;no&#8221; type=&#8221;grid&#8221; angled_section=&#8221;no&#8221; text_align=&#8221;left&#8221; background_image_as_pattern=&#8221;without_pattern&#8221;][vc_column width=&#8221;1\/6&#8243;][vc_separator type=&#8221;transparent&#8221; up=&#8221;15&#8243;][\/vc_column][vc_column width=&#8221;2\/3&#8243;][vc_separator type=&#8221;transparent&#8221; up=&#8221;15&#8243;][vc_separator type=&#8221;transparent&#8221; up=&#8221;15&#8243;][vc_column_text]<\/p>\n<div class=\"wpb_column vc_column_container vc_col-sm-3\">\n<div class=\"vc_column-inner \">\n<div class=\"wpb_wrapper\">\n<div class=\"separator transparent \" style=\"text-align: center;\"><\/div>\n<\/div>\n<\/div>\n<\/div>\n<div class=\"wpb_column vc_column_container vc_col-sm-6\">\n<div class=\"vc_column-inner \">\n<div class=\"wpb_wrapper\">\n<div class=\"wpb_text_column wpb_content_element \" style=\"text-align: center;\">\n<div class=\"wpb_wrapper\">\n<h1><a href=\"https:\/\/bioaromas.com\/english\/contacto\/\">Cont\u00e1ctenos<\/a><\/h1>\n<\/div>\n<\/div>\n<div class=\"wpb_text_column wpb_content_element \">\n<div class=\"wpb_wrapper\">\n<h4 style=\"text-align: center;\"><a href=\"mailto:ventas@bioaromas.com\">ventas@bioaromas.com<\/a><\/h4>\n<div class=\"wpb_text_column wpb_content_element \">\n<div class=\"wpb_wrapper\">\n<h3 style=\"text-align: center;\"><\/h3>\n<p style=\"text-align: center;\">Curapalig\u00fce 6451,\u00a0\u00a03\u00b0 piso, B1605CNF Munro,<\/p>\n<p style=\"text-align: center;\">Buenos Aires Argentina.<\/p>\n<p style=\"text-align: center;\">(5411) 5263-0235<\/p>\n<\/div>\n<\/div>\n<\/div>\n<\/div>\n<\/div>\n<\/div>\n<\/div>\n<p>[\/vc_column_text][vc_separator type=&#8221;transparent&#8221; up=&#8221;15&#8243;][vc_separator type=&#8221;transparent&#8221; up=&#8221;15&#8243;][\/vc_column][vc_column width=&#8221;1\/6&#8243;][\/vc_column][\/vc_row][vc_row css_animation=&#8221;&#8221; row_type=&#8221;row&#8221; use_row_as_full_screen_section=&#8221;no&#8221; type=&#8221;full_width&#8221; angled_section=&#8221;no&#8221; text_align=&#8221;left&#8221; background_image_as_pattern=&#8221;without_pattern&#8221;][vc_column][vc_separator type=&#8221;transparent&#8221; up=&#8221;15&#8243; down=&#8221;15&#8243;][vc_separator type=&#8221;transparent&#8221; up=&#8221;20&#8243; down=&#8221;20&#8243;][vc_separator type=&#8221;transparent&#8221; up=&#8221;15&#8243; down=&#8221;15&#8243;][\/vc_column][\/vc_row]<\/p>\n","protected":false},"excerpt":{"rendered":"<p>[vc_row css_animation=&#8221;&#8221; row_type=&#8221;row&#8221; use_row_as_full_screen_section=&#8221;no&#8221; type=&#8221;full_width&#8221; in_content_menu=&#8221;in_content_menu&#8221; content_menu_title=&#8221;VAINILLA&#8221; content_menu_icon=&#8221;&#8221; angled_section=&#8221;no&#8221; text_align=&#8221;center&#8221; background_image=&#8221;17403&#8243; background_image_as_pattern=&#8221;without_pattern&#8221;][vc_column][vc_row_inner row_type=&#8221;row&#8221; type=&#8221;grid&#8221; text_align=&#8221;center&#8221; padding_top=&#8221;120&#8243; padding_bottom=&#8221;120&#8243; css_animation=&#8221;&#8221; el_class=&#8221;vertically-middle&#8221;][vc_column_inner][vc_column_text][\/vc_column_text][\/vc_column_inner][\/vc_row_inner][\/vc_column][\/vc_row][vc_row css_animation=&#8221;&#8221; row_type=&#8221;row&#8221; use_row_as_full_screen_section=&#8221;no&#8221; type=&#8221;full_width&#8221; angled_section=&#8221;no&#8221; text_align=&#8221;left&#8221; background_image_as_pattern=&#8221;without_pattern&#8221;][vc_column][vc_separator type=&#8221;transparent&#8221; up=&#8221;15&#8243; down=&#8221;15&#8243;][vc_separator type=&#8221;transparent&#8221; up=&#8221;15&#8243; down=&#8221;15&#8243;][\/vc_column][\/vc_row][vc_row css_animation=&#8221;&#8221; row_type=&#8221;row&#8221; use_row_as_full_screen_section=&#8221;no&#8221; type=&#8221;grid&#8221; angled_section=&#8221;no&#8221; text_align=&#8221;center&#8221; background_image_as_pattern=&#8221;without_pattern&#8221;][vc_column width=&#8221;1\/4&#8243;][vc_separator type=&#8221;transparent&#8221; up=&#8221;10&#8243; down=&#8221;10&#8243;][vc_single_image image=&#8221;16671&#8243; img_size=&#8221;240&#215;240&#8243;&#8230;<\/p>\n","protected":false},"author":3,"featured_media":0,"parent":0,"menu_order":0,"comment_status":"closed","ping_status":"closed","template":"full_width.php","meta":{"footnotes":""},"_links":{"self":[{"href":"https:\/\/bioaromas.com\/english\/wp-json\/wp\/v2\/pages\/17382"}],"collection":[{"href":"https:\/\/bioaromas.com\/english\/wp-json\/wp\/v2\/pages"}],"about":[{"href":"https:\/\/bioaromas.com\/english\/wp-json\/wp\/v2\/types\/page"}],"author":[{"embeddable":true,"href":"https:\/\/bioaromas.com\/english\/wp-json\/wp\/v2\/users\/3"}],"replies":[{"embeddable":true,"href":"https:\/\/bioaromas.com\/english\/wp-json\/wp\/v2\/comments?post=17382"}],"version-history":[{"count":33,"href":"https:\/\/bioaromas.com\/english\/wp-json\/wp\/v2\/pages\/17382\/revisions"}],"predecessor-version":[{"id":19897,"href":"https:\/\/bioaromas.com\/english\/wp-json\/wp\/v2\/pages\/17382\/revisions\/19897"}],"wp:attachment":[{"href":"https:\/\/bioaromas.com\/english\/wp-json\/wp\/v2\/media?parent=17382"}],"curies":[{"name":"wp","href":"https:\/\/api.w.org\/{rel}","templated":true}]}}